{"id":1831,"date":"2025-07-18T17:29:07","date_gmt":"2025-07-18T17:29:07","guid":{"rendered":"https:\/\/forgoodglobalhealth.com\/?post_type=product&#038;p=1831"},"modified":"2025-07-21T16:10:06","modified_gmt":"2025-07-21T16:10:06","slug":"cita-de-valoracion-con-el-especialista","status":"publish","type":"product","link":"https:\/\/forgoodglobalhealth.com\/en\/producto\/cita-de-valoracion-con-el-especialista\/","title":{"rendered":"Cita de valoraci\u00f3n con el especialista"},"content":{"rendered":"","protected":false},"excerpt":{"rendered":"<p>En esta cita, el m\u00e9dico especialista evaluar\u00e1 tus necesidades, revisar\u00e1 tu estado de salud y definir\u00e1 junto a ti qu\u00e9 procedimiento es el m\u00e1s adecuado. Tambi\u00e9n se discutir\u00e1n los cuidados previos y posteriores, los precios, y se resolver\u00e1n todas tus dudas para que tomes una decisi\u00f3n informada y segura.<\/p>\n","protected":false},"featured_media":1026,"comment_status":"closed","ping_status":"closed","template":"","meta":[],"product_brand":[],"product_cat":[],"product_tag":[],"class_list":{"0":"post-1831","1":"product","2":"type-product","3":"status-publish","4":"has-post-thumbnail","7":"first","8":"instock","9":"shipping-taxable","10":"purchasable","11":"product-type-simple"},"_links":{"self":[{"href":"https:\/\/forgoodglobalhealth.com\/en\/wp-json\/wp\/v2\/product\/1831","targetHints":{"allow":["GET"]}}],"collection":[{"href":"https:\/\/forgoodglobalhealth.com\/en\/wp-json\/wp\/v2\/product"}],"about":[{"href":"https:\/\/forgoodglobalhealth.com\/en\/wp-json\/wp\/v2\/types\/product"}],"replies":[{"embeddable":true,"href":"https:\/\/forgoodglobalhealth.com\/en\/wp-json\/wp\/v2\/comments?post=1831"}],"wp:featuredmedia":[{"embeddable":true,"href":"https:\/\/forgoodglobalhealth.com\/en\/wp-json\/wp\/v2\/media\/1026"}],"wp:attachment":[{"href":"https:\/\/forgoodglobalhealth.com\/en\/wp-json\/wp\/v2\/media?parent=1831"}],"wp:term":[{"taxonomy":"product_brand","embeddable":true,"href":"https:\/\/forgoodglobalhealth.com\/en\/wp-json\/wp\/v2\/product_brand?post=1831"},{"taxonomy":"product_cat","embeddable":true,"href":"https:\/\/forgoodglobalhealth.com\/en\/wp-json\/wp\/v2\/product_cat?post=1831"},{"taxonomy":"product_tag","embeddable":true,"href":"https:\/\/forgoodglobalhealth.com\/en\/wp-json\/wp\/v2\/product_tag?post=1831"}],"curies":[{"name":"wp","href":"https:\/\/api.w.org\/{rel}","templated":true}]}}