{"id":1751,"date":"2025-07-18T14:29:00","date_gmt":"2025-07-18T14:29:00","guid":{"rendered":"https:\/\/forgoodglobalhealth.com\/?page_id=1751"},"modified":"2025-07-24T13:50:30","modified_gmt":"2025-07-24T13:50:30","slug":"nutricion","status":"publish","type":"page","link":"https:\/\/forgoodglobalhealth.com\/en\/nutricion\/","title":{"rendered":"Nutrici\u00f3n"},"content":{"rendered":"\t\t<div data-elementor-type=\"wp-page\" data-elementor-id=\"1751\" class=\"elementor elementor-1751\" data-elementor-post-type=\"page\">\n\t\t\t\t<div class=\"elementor-element elementor-element-b120630 e-con-full e-flex e-con e-parent\" data-id=\"b120630\" data-element_type=\"container\" data-e-type=\"container\">\n\t\t\t\t<div class=\"elementor-element elementor-element-e70a964 animated-slow elementor-invisible elementor-widget elementor-widget-heading\" data-id=\"e70a964\" data-element_type=\"widget\" data-e-type=\"widget\" data-settings=\"{&quot;_animation&quot;:&quot;fadeInUp&quot;,&quot;_animation_delay&quot;:200}\" data-widget_type=\"heading.default\">\n\t\t\t\t<div class=\"elementor-widget-container\">\n\t\t\t\t\t<h2 class=\"elementor-heading-title elementor-size-default\">Nutrici\u00f3n<\/h2>\t\t\t\t<\/div>\n\t\t\t\t<\/div>\n\t\t\t\t<div class=\"elementor-element elementor-element-bcbd998 elementor-widget elementor-widget-spacer\" data-id=\"bcbd998\" data-element_type=\"widget\" data-e-type=\"widget\" data-widget_type=\"spacer.default\">\n\t\t\t\t<div class=\"elementor-widget-container\">\n\t\t\t\t\t\t\t<div class=\"elementor-spacer\">\n\t\t\t<div class=\"elementor-spacer-inner\"><\/div>\n\t\t<\/div>\n\t\t\t\t\t\t<\/div>\n\t\t\t\t<\/div>\n\t\t<div class=\"elementor-element elementor-element-176bc89 e-con-full e-flex e-con e-child\" data-id=\"176bc89\" data-element_type=\"container\" data-e-type=\"container\">\n\t\t<div class=\"elementor-element elementor-element-dd8fc87 e-con-full e-flex e-con e-child\" data-id=\"dd8fc87\" data-element_type=\"container\" data-e-type=\"container\">\n\t\t\t\t<div class=\"elementor-element elementor-element-c25fbc7 elementor-widget elementor-widget-jet-listing-grid\" data-id=\"c25fbc7\" data-element_type=\"widget\" data-e-type=\"widget\" data-settings=\"{&quot;columns&quot;:&quot;2&quot;,&quot;columns_mobile&quot;:&quot;1&quot;}\" data-widget_type=\"jet-listing-grid.default\">\n\t\t\t\t<div class=\"elementor-widget-container\">\n\t\t\t\t\t<div class=\"jet-listing-grid jet-listing\"><div class=\"jet-listing-grid__items grid-col-desk-2 grid-col-tablet-2 grid-col-mobile-1 jet-listing-grid--1661\" data-queried-id=\"1751|WP_Post\" data-nav=\"{&quot;enabled&quot;:false,&quot;type&quot;:null,&quot;more_el&quot;:null,&quot;query&quot;:[],&quot;widget_settings&quot;:{&quot;lisitng_id&quot;:1661,&quot;posts_num&quot;:6,&quot;columns&quot;:2,&quot;columns_tablet&quot;:2,&quot;columns_mobile&quot;:1,&quot;column_min_width&quot;:240,&quot;column_min_width_tablet&quot;:240,&quot;column_min_width_mobile&quot;:240,&quot;inline_columns_css&quot;:false,&quot;is_archive_template&quot;:&quot;&quot;,&quot;post_status&quot;:[&quot;publish&quot;],&quot;use_random_posts_num&quot;:&quot;&quot;,&quot;max_posts_num&quot;:9,&quot;not_found_message&quot;:&quot;No data was found&quot;,&quot;is_masonry&quot;:false,&quot;equal_columns_height&quot;:&quot;&quot;,&quot;use_load_more&quot;:&quot;&quot;,&quot;load_more_id&quot;:&quot;&quot;,&quot;load_more_type&quot;:&quot;click&quot;,&quot;load_more_offset&quot;:{&quot;unit&quot;:&quot;px&quot;,&quot;size&quot;:0,&quot;sizes&quot;:[]},&quot;use_custom_post_types&quot;:&quot;&quot;,&quot;custom_post_types&quot;:[],&quot;hide_widget_if&quot;:&quot;&quot;,&quot;carousel_enabled&quot;:&quot;&quot;,&quot;slides_to_scroll&quot;:&quot;1&quot;,&quot;arrows&quot;:&quot;true&quot;,&quot;arrow_icon&quot;:&quot;fa fa-angle-left&quot;,&quot;dots&quot;:&quot;&quot;,&quot;autoplay&quot;:&quot;true&quot;,&quot;pause_on_hover&quot;:&quot;true&quot;,&quot;autoplay_speed&quot;:5000,&quot;infinite&quot;:&quot;true&quot;,&quot;center_mode&quot;:&quot;&quot;,&quot;effect&quot;:&quot;slide&quot;,&quot;speed&quot;:500,&quot;inject_alternative_items&quot;:&quot;&quot;,&quot;injection_items&quot;:[],&quot;scroll_slider_enabled&quot;:&quot;&quot;,&quot;scroll_slider_on&quot;:[&quot;desktop&quot;,&quot;tablet&quot;,&quot;mobile&quot;],&quot;custom_query&quot;:false,&quot;custom_query_id&quot;:&quot;&quot;,&quot;_element_id&quot;:&quot;&quot;,&quot;collapse_first_last_gap&quot;:false,&quot;list_tag_selection&quot;:&quot;&quot;,&quot;list_items_wrapper_tag&quot;:&quot;div&quot;,&quot;list_item_tag&quot;:&quot;div&quot;,&quot;empty_items_wrapper_tag&quot;:&quot;div&quot;}}\" data-page=\"1\" data-pages=\"1\" data-listing-source=\"posts\" data-listing-id=\"1661\" data-query-id=\"\"><div class=\"jet-listing-grid__item jet-listing-dynamic-post-2080\" data-post-id=\"2080\"  ><div class=\"jet-engine-listing-overlay-wrap\" data-url=\"https:\/\/forgoodglobalhealth.com\/en\/club\/healthy-eating-ch-1\/\">\t\t<div data-elementor-type=\"jet-listing-items\" data-elementor-id=\"1661\" class=\"elementor elementor-1661\" data-elementor-post-type=\"jet-engine\">\n\t\t\t\t<div class=\"elementor-element elementor-element-febb83b e-flex e-con-boxed e-con e-parent\" data-id=\"febb83b\" data-element_type=\"container\" data-e-type=\"container\">\n\t\t\t\t\t<div class=\"e-con-inner\">\n\t\t\t\t<div class=\"elementor-element elementor-element-a11a81c elementor-widget elementor-widget-image\" data-id=\"a11a81c\" data-element_type=\"widget\" data-e-type=\"widget\" data-widget_type=\"image.default\">\n\t\t\t\t<div class=\"elementor-widget-container\">\n\t\t\t\t\t\t\t\t\t\t\t\t\t\t\t<img fetchpriority=\"high\" decoding=\"async\" width=\"1920\" height=\"1019\" src=\"https:\/\/forgoodglobalhealth.com\/wp-content\/uploads\/2025\/07\/poster_1_jeny-min.jpg\" class=\"attachment-full size-full wp-image-1894\" alt=\"\" srcset=\"https:\/\/forgoodglobalhealth.com\/wp-content\/uploads\/2025\/07\/poster_1_jeny-min.jpg 1920w, https:\/\/forgoodglobalhealth.com\/wp-content\/uploads\/2025\/07\/poster_1_jeny-min-300x159.jpg 300w, https:\/\/forgoodglobalhealth.com\/wp-content\/uploads\/2025\/07\/poster_1_jeny-min-1024x543.jpg 1024w, https:\/\/forgoodglobalhealth.com\/wp-content\/uploads\/2025\/07\/poster_1_jeny-min-768x408.jpg 768w, https:\/\/forgoodglobalhealth.com\/wp-content\/uploads\/2025\/07\/poster_1_jeny-min-1536x815.jpg 1536w, https:\/\/forgoodglobalhealth.com\/wp-content\/uploads\/2025\/07\/poster_1_jeny-min-600x318.jpg 600w\" sizes=\"(max-width: 1920px) 100vw, 1920px\" \/>\t\t\t\t\t\t\t\t\t\t\t\t\t\t\t<\/div>\n\t\t\t\t<\/div>\n\t\t<div class=\"elementor-element elementor-element-1881a0b e-con-full e-flex e-con e-child\" data-id=\"1881a0b\" data-element_type=\"container\" data-e-type=\"container\">\n\t\t\t\t<div class=\"elementor-element elementor-element-d90aa3e elementor-widget elementor-widget-heading\" data-id=\"d90aa3e\" data-element_type=\"widget\" data-e-type=\"widget\" data-widget_type=\"heading.default\">\n\t\t\t\t<div class=\"elementor-widget-container\">\n\t\t\t\t\t<h2 class=\"elementor-heading-title elementor-size-default\">Healthy Eating Ch.1<\/h2>\t\t\t\t<\/div>\n\t\t\t\t<\/div>\n\t\t\t\t<div class=\"elementor-element elementor-element-3d940b5 elementor-hidden-desktop elementor-hidden-tablet elementor-hidden-mobile elementor-widget elementor-widget-jet-listing-dynamic-terms\" data-id=\"3d940b5\" data-element_type=\"widget\" data-e-type=\"widget\" data-widget_type=\"jet-listing-dynamic-terms.default\">\n\t\t\t\t<div class=\"elementor-widget-container\">\n\t\t\t\t\t<div class=\"jet-listing jet-listing-dynamic-terms\"><span class=\"jet-listing-dynamic-terms__link\">Nutrici\u00f3n<\/span><\/div>\t\t\t\t<\/div>\n\t\t\t\t<\/div>\n\t\t\t\t<\/div>\n\t\t\t\t\t<\/div>\n\t\t\t\t<\/div>\n\t\t\t\t<\/div>\n\t\t<a href=\"https:\/\/forgoodglobalhealth.com\/en\/club\/healthy-eating-ch-1\/\" class=\"jet-engine-listing-overlay-link\"><\/a><\/div><\/div><div class=\"jet-listing-grid__item jet-listing-dynamic-post-2081\" data-post-id=\"2081\"  ><div class=\"jet-engine-listing-overlay-wrap\" data-url=\"https:\/\/forgoodglobalhealth.com\/en\/club\/reading-nutritional-tables-ch-2\/\">\t\t<div data-elementor-type=\"jet-listing-items\" data-elementor-id=\"1661\" class=\"elementor elementor-1661\" data-elementor-post-type=\"jet-engine\">\n\t\t\t\t<div class=\"elementor-element elementor-element-febb83b e-flex e-con-boxed e-con e-parent\" data-id=\"febb83b\" data-element_type=\"container\" data-e-type=\"container\">\n\t\t\t\t\t<div class=\"e-con-inner\">\n\t\t\t\t<div class=\"elementor-element elementor-element-a11a81c elementor-widget elementor-widget-image\" data-id=\"a11a81c\" data-element_type=\"widget\" data-e-type=\"widget\" data-widget_type=\"image.default\">\n\t\t\t\t<div class=\"elementor-widget-container\">\n\t\t\t\t\t\t\t\t\t\t\t\t\t\t\t<img decoding=\"async\" width=\"1920\" height=\"1019\" src=\"https:\/\/forgoodglobalhealth.com\/wp-content\/uploads\/2025\/07\/poster_2_jeny-min.jpg\" class=\"attachment-full size-full wp-image-1903\" alt=\"\" srcset=\"https:\/\/forgoodglobalhealth.com\/wp-content\/uploads\/2025\/07\/poster_2_jeny-min.jpg 1920w, https:\/\/forgoodglobalhealth.com\/wp-content\/uploads\/2025\/07\/poster_2_jeny-min-300x159.jpg 300w, https:\/\/forgoodglobalhealth.com\/wp-content\/uploads\/2025\/07\/poster_2_jeny-min-1024x543.jpg 1024w, https:\/\/forgoodglobalhealth.com\/wp-content\/uploads\/2025\/07\/poster_2_jeny-min-768x408.jpg 768w, https:\/\/forgoodglobalhealth.com\/wp-content\/uploads\/2025\/07\/poster_2_jeny-min-1536x815.jpg 1536w, https:\/\/forgoodglobalhealth.com\/wp-content\/uploads\/2025\/07\/poster_2_jeny-min-600x318.jpg 600w\" sizes=\"(max-width: 1920px) 100vw, 1920px\" \/>\t\t\t\t\t\t\t\t\t\t\t\t\t\t\t<\/div>\n\t\t\t\t<\/div>\n\t\t<div class=\"elementor-element elementor-element-1881a0b e-con-full e-flex e-con e-child\" data-id=\"1881a0b\" data-element_type=\"container\" data-e-type=\"container\">\n\t\t\t\t<div class=\"elementor-element elementor-element-d90aa3e elementor-widget elementor-widget-heading\" data-id=\"d90aa3e\" data-element_type=\"widget\" data-e-type=\"widget\" data-widget_type=\"heading.default\">\n\t\t\t\t<div class=\"elementor-widget-container\">\n\t\t\t\t\t<h2 class=\"elementor-heading-title elementor-size-default\">Reading Nutritional Tables Ch.2<\/h2>\t\t\t\t<\/div>\n\t\t\t\t<\/div>\n\t\t\t\t<div class=\"elementor-element elementor-element-3d940b5 elementor-hidden-desktop elementor-hidden-tablet elementor-hidden-mobile elementor-widget elementor-widget-jet-listing-dynamic-terms\" data-id=\"3d940b5\" data-element_type=\"widget\" data-e-type=\"widget\" data-widget_type=\"jet-listing-dynamic-terms.default\">\n\t\t\t\t<div class=\"elementor-widget-container\">\n\t\t\t\t\t<div class=\"jet-listing jet-listing-dynamic-terms\"><span class=\"jet-listing-dynamic-terms__link\">Nutrici\u00f3n<\/span><\/div>\t\t\t\t<\/div>\n\t\t\t\t<\/div>\n\t\t\t\t<\/div>\n\t\t\t\t\t<\/div>\n\t\t\t\t<\/div>\n\t\t\t\t<\/div>\n\t\t<a href=\"https:\/\/forgoodglobalhealth.com\/en\/club\/reading-nutritional-tables-ch-2\/\" class=\"jet-engine-listing-overlay-link\"><\/a><\/div><\/div><\/div><\/div>\t\t\t\t<\/div>\n\t\t\t\t<\/div>\n\t\t\t\t<div class=\"elementor-element elementor-element-b8a4c14 elementor-widget elementor-widget-button\" data-id=\"b8a4c14\" data-element_type=\"widget\" data-e-type=\"widget\" data-widget_type=\"button.default\">\n\t\t\t\t<div class=\"elementor-widget-container\">\n\t\t\t\t\t\t\t\t\t<div class=\"elementor-button-wrapper\">\n\t\t\t\t\t<a class=\"elementor-button elementor-button-link elementor-size-sm\" href=\"https:\/\/forgoodglobalhealth.com\/club\">\n\t\t\t\t\t\t<span class=\"elementor-button-content-wrapper\">\n\t\t\t\t\t\t<span class=\"elementor-button-icon\">\n\t\t\t\t<svg aria-hidden=\"true\" class=\"e-font-icon-svg e-fas-arrow-left\" viewBox=\"0 0 448 512\" xmlns=\"http:\/\/www.w3.org\/2000\/svg\"><path d=\"M257.5 445.1l-22.2 22.2c-9.4 9.4-24.6 9.4-33.9 0L7 273c-9.4-9.4-9.4-24.6 0-33.9L201.4 44.7c9.4-9.4 24.6-9.4 33.9 0l22.2 22.2c9.5 9.5 9.3 25-.4 34.3L136.6 216H424c13.3 0 24 10.7 24 24v32c0 13.3-10.7 24-24 24H136.6l120.5 114.8c9.8 9.3 10 24.8.4 34.3z\"><\/path><\/svg>\t\t\t<\/span>\n\t\t\t\t\t\t\t\t\t<span class=\"elementor-button-text\">Volver al Club<\/span>\n\t\t\t\t\t<\/span>\n\t\t\t\t\t<\/a>\n\t\t\t\t<\/div>\n\t\t\t\t\t\t\t\t<\/div>\n\t\t\t\t<\/div>\n\t\t\t\t<\/div>\n\t\t\t\t<\/div>\n\t\t\t\t<\/div>\n\t\t\t\t<\/div>\n\t\t","protected":false},"excerpt":{"rendered":"<p>Nutrici\u00f3n Nutrici\u00f3n Nutrici\u00f3n Nutrici\u00f3n Nutrici\u00f3n Volver al Club<\/p>\n","protected":false},"author":1,"featured_media":0,"parent":0,"menu_order":0,"comment_status":"closed","ping_status":"closed","template":"elementor_header_footer","meta":{"footnotes":""},"class_list":["post-1751","page","type-page","status-publish","hentry"],"_links":{"self":[{"href":"https:\/\/forgoodglobalhealth.com\/en\/wp-json\/wp\/v2\/pages\/1751","targetHints":{"allow":["GET"]}}],"collection":[{"href":"https:\/\/forgoodglobalhealth.com\/en\/wp-json\/wp\/v2\/pages"}],"about":[{"href":"https:\/\/forgoodglobalhealth.com\/en\/wp-json\/wp\/v2\/types\/page"}],"author":[{"embeddable":true,"href":"https:\/\/forgoodglobalhealth.com\/en\/wp-json\/wp\/v2\/users\/1"}],"replies":[{"embeddable":true,"href":"https:\/\/forgoodglobalhealth.com\/en\/wp-json\/wp\/v2\/comments?post=1751"}],"version-history":[{"count":10,"href":"https:\/\/forgoodglobalhealth.com\/en\/wp-json\/wp\/v2\/pages\/1751\/revisions"}],"predecessor-version":[{"id":1906,"href":"https:\/\/forgoodglobalhealth.com\/en\/wp-json\/wp\/v2\/pages\/1751\/revisions\/1906"}],"wp:attachment":[{"href":"https:\/\/forgoodglobalhealth.com\/en\/wp-json\/wp\/v2\/media?parent=1751"}],"curies":[{"name":"wp","href":"https:\/\/api.w.org\/{rel}","templated":true}]}}